{"id":566,"date":"2017-08-07T11:12:02","date_gmt":"2017-08-07T11:12:02","guid":{"rendered":"http:\/\/fermekon.ee\/?page_id=566"},"modified":"2017-09-02T16:28:24","modified_gmt":"2017-09-02T13:28:24","slug":"pakume-3","status":"publish","type":"page","link":"https:\/\/fermekon.ee\/?page_id=566","title":{"rendered":"PAKUME"},"content":{"rendered":"<p>&nbsp;<\/p>\n<p><span style=\"font-size: 18pt;\"><strong>Jookide tootjatele, tootmise alustajatele pakume:<\/strong><\/span><\/p>\n<p style=\"text-align: justify;\"><span style=\"font-size: 14pt;\">&#8211; <a href=\"http:\/\/fermekon.ee\/?page_id=568\"><strong>N\u00f5ustamist<\/strong><\/a> tehnoloogia, seadmete, seadmete tarnijate ja toorainete ning h\u00fcgieenilahenduste valikul; vajaliku dokumentatsiooni ettevalmistamisel.<\/span><\/p>\n<p style=\"text-align: justify;\"><span style=\"font-size: 14pt;\">&#8211; <strong>Juhendamist<\/strong> pruulimise alustamisel ja t\u00f6\u00f6 k\u00e4igus ning tekkinud probleemide lahendamisel.<\/span><\/p>\n<p style=\"text-align: justify;\"><span style=\"font-size: 14pt;\">&#8211; <a href=\"http:\/\/fermekon.ee\/?page_id=569\"><strong>Koolitusi<\/strong><\/a> tehnoloogiast ja tootmish\u00fcgieenist.<\/span><\/p>\n<p>&nbsp;<\/p>\n<p><span style=\"font-size: 18pt;\"><strong>Kodupruulidele pakume:<\/strong><\/span><\/p>\n<p style=\"text-align: justify;\"><span style=\"font-size: 14pt;\">&#8211; <a href=\"http:\/\/fermekon.ee\/?page_id=568\"><strong>N\u00f5ustamist<\/strong><\/a>\u00a0 seadmete ja toorainete valikul, pesude planeerimisel ning retseptide koostamisel.<\/span><\/p>\n<p style=\"text-align: justify;\"><span style=\"font-size: 14pt;\">&#8211; <a href=\"http:\/\/fermekon.ee\/?page_id=569\"><strong>Koolitusi<\/strong><\/a> \u00f5llest, pruulimisest, toorainetest. \u00a0(Huvi korral v\u00f5ib koolitus olla koos praktilise pruulimisega.)<\/span><\/p>\n<p>&nbsp;<\/p>\n<p><span style=\"font-size: 18pt;\"><strong>\u00d5llehuvilistele pakume:<\/strong><\/span><\/p>\n<p style=\"text-align: justify;\"><span style=\"font-size: 14pt;\">&#8211; <a href=\"http:\/\/fermekon.ee\/?page_id=569\"><strong>Koolitusi\/kursuseid<\/strong><\/a>\u00a0\u00f5lle ajaloost, \u00f5llet\u00fc\u00fcpidest, pruulimisest, toorainetest, serveerimisest, tootmise- ning toiduh\u00fcgieenist jne. (Soovi korral on koolitused koos valitud \u00f5llede degusteerimisega.) Selliseid koolitusi saab v\u00e4ga h\u00e4sti siduda erinevate firma\u00fcritustega.<\/span><\/p>\n","protected":false},"excerpt":{"rendered":"<p>&nbsp; Jookide tootjatele, tootmise alustajatele pakume: &#8211; N\u00f5ustamist tehnoloogia, seadmete, seadmete tarnijate ja toorainete ning h\u00fcgieenilahenduste valikul; vajaliku dokumentatsiooni ettevalmistamisel. &#8211; Juhendamist pruulimise alustamisel ja t\u00f6\u00f6 k\u00e4igus ning tekkinud probleemide lahendamisel. &#8211; Koolitusi tehnoloogiast ja tootmish\u00fcgieenist. &nbsp; Kodupruulidele pakume: &#8211;&hellip; <\/p>\n","protected":false},"author":1,"featured_media":0,"parent":0,"menu_order":0,"comment_status":"closed","ping_status":"closed","template":"","meta":{"footnotes":""},"class_list":["post-566","page","type-page","status-publish","hentry"],"_links":{"self":[{"href":"https:\/\/fermekon.ee\/index.php?rest_route=\/wp\/v2\/pages\/566","targetHints":{"allow":["GET"]}}],"collection":[{"href":"https:\/\/fermekon.ee\/index.php?rest_route=\/wp\/v2\/pages"}],"about":[{"href":"https:\/\/fermekon.ee\/index.php?rest_route=\/wp\/v2\/types\/page"}],"author":[{"embeddable":true,"href":"https:\/\/fermekon.ee\/index.php?rest_route=\/wp\/v2\/users\/1"}],"replies":[{"embeddable":true,"href":"https:\/\/fermekon.ee\/index.php?rest_route=%2Fwp%2Fv2%2Fcomments&post=566"}],"version-history":[{"count":5,"href":"https:\/\/fermekon.ee\/index.php?rest_route=\/wp\/v2\/pages\/566\/revisions"}],"predecessor-version":[{"id":1299,"href":"https:\/\/fermekon.ee\/index.php?rest_route=\/wp\/v2\/pages\/566\/revisions\/1299"}],"wp:attachment":[{"href":"https:\/\/fermekon.ee\/index.php?rest_route=%2Fwp%2Fv2%2Fmedia&parent=566"}],"curies":[{"name":"wp","href":"https:\/\/api.w.org\/{rel}","templated":true}]}}