{"id":567,"date":"2017-08-07T11:12:02","date_gmt":"2017-08-07T11:12:02","guid":{"rendered":"http:\/\/fermekon.ee\/?page_id=567"},"modified":"2017-09-10T15:59:02","modified_gmt":"2017-09-10T12:59:02","slug":"firmast-3","status":"publish","type":"page","link":"https:\/\/fermekon.ee\/","title":{"rendered":"FIRMAST"},"content":{"rendered":"<div id=\"pl-567\" class=\"panel-layout\">\n<div class=\"so-widget-sow-editor so-widget-sow-editor-base\">\n<div class=\"siteorigin-widget-tinymce textwidget\">\n<p style=\"text-align: justify;\"><strong><img fetchpriority=\"high\" decoding=\"async\" class=\"aligncenter wp-image-631 size-large\" src=\"http:\/\/fermekon.ee\/wp-content\/uploads\/2017\/08\/beer-glasses-1-1024x306.jpg\" alt=\"\" width=\"700\" height=\"209\" srcset=\"https:\/\/fermekon.ee\/wp-content\/uploads\/2017\/08\/beer-glasses-1-1024x306.jpg 1024w, https:\/\/fermekon.ee\/wp-content\/uploads\/2017\/08\/beer-glasses-1-300x90.jpg 300w, https:\/\/fermekon.ee\/wp-content\/uploads\/2017\/08\/beer-glasses-1-768x229.jpg 768w, https:\/\/fermekon.ee\/wp-content\/uploads\/2017\/08\/beer-glasses-1-830x248.jpg 830w, https:\/\/fermekon.ee\/wp-content\/uploads\/2017\/08\/beer-glasses-1-230x69.jpg 230w, https:\/\/fermekon.ee\/wp-content\/uploads\/2017\/08\/beer-glasses-1-350x105.jpg 350w, https:\/\/fermekon.ee\/wp-content\/uploads\/2017\/08\/beer-glasses-1-480x143.jpg 480w\" sizes=\"(max-width: 700px) 100vw, 700px\" \/><\/strong><span style=\"font-size: 18pt;\"><strong>Fermekon O\u00dc<\/strong> on 2015. aastal asutatud firma, mille tegevusvaldkonnaks on pruulikodade ja kodupruulide aga ka teiste joogitootjate ning \u00f5llest huvitatute n\u00f5ustamine ja\u00a0koolitamine.<\/span><\/p>\n<p>&nbsp;<\/p>\n<p style=\"text-align: justify;\"><span style=\"font-size: 14pt;\"><a href=\"http:\/\/fermekon.ee\/?page_id=566\"><strong>Abi pakume<\/strong><\/a><\/span><\/p>\n<p style=\"text-align: justify;\"><span style=\"font-size: 14pt;\">&#8211; tehnoloogia, seadmete ja toorainete valikul;<\/span><\/p>\n<p style=\"text-align: justify;\"><span style=\"font-size: 14pt;\">&#8211; h\u00fcgieenik\u00fcsimuste lahendamisel;<\/span><\/p>\n<p style=\"text-align: justify;\"><span style=\"font-size: 14pt;\">&#8211; dokumentatsiooni ettevalmistamisel;<\/span><\/p>\n<p style=\"text-align: justify;\"><span style=\"font-size: 14pt;\">&#8211; pruulimisel tekkinud probleemide p\u00f5hjuste leidmisel ning lahendamisel.<\/span><\/p>\n<\/div>\n<p style=\"text-align: justify;\"><span style=\"font-size: 14pt;\">Viime l\u00e4bi ka <a href=\"http:\/\/fermekon.ee\/?page_id=569\"><strong>\u00f5llekoolitusi<\/strong><\/a>, kus tutvustame \u00f5lle ajalugu, erinevaid \u00f5llet\u00fc\u00fcpe, nende tooraineid, tootmisprotsessi ja \u00f5iget serveerimist.<\/span><\/p>\n<p>&nbsp;<\/p>\n<p style=\"text-align: justify;\"><span style=\"font-size: 18pt;\">MEIE EESM\u00c4RGIKS ON \u00d5LLEKULTUURI EDENDAMINE L\u00c4BI JUHENDAMISE, KONSULTATSIOONIDE NING KOOLITUSTE.<\/span><\/p>\n<\/div>\n<p>&nbsp;<\/p>\n<p style=\"text-align: justify;\"><span style=\"font-size: 14pt;\">Meie oskuste ja kogemuste kohta loe <a href=\"http:\/\/fermekon.ee\/?page_id=563\">siit<\/a>.<\/span><\/p>\n<\/div>\n","protected":false},"excerpt":{"rendered":"<p>Fermekon O\u00dc on 2015. aastal asutatud firma, mille tegevusvaldkonnaks on pruulikodade ja kodupruulide aga ka teiste joogitootjate ning \u00f5llest huvitatute n\u00f5ustamine ja\u00a0koolitamine. &nbsp; Abi pakume &#8211; tehnoloogia, seadmete ja toorainete valikul; &#8211; h\u00fcgieenik\u00fcsimuste lahendamisel; &#8211; dokumentatsiooni ettevalmistamisel; &#8211; pruulimisel tekkinud&hellip; <\/p>\n","protected":false},"author":1,"featured_media":0,"parent":0,"menu_order":0,"comment_status":"closed","ping_status":"closed","template":"","meta":{"footnotes":""},"class_list":["post-567","page","type-page","status-publish","hentry"],"_links":{"self":[{"href":"https:\/\/fermekon.ee\/index.php?rest_route=\/wp\/v2\/pages\/567","targetHints":{"allow":["GET"]}}],"collection":[{"href":"https:\/\/fermekon.ee\/index.php?rest_route=\/wp\/v2\/pages"}],"about":[{"href":"https:\/\/fermekon.ee\/index.php?rest_route=\/wp\/v2\/types\/page"}],"author":[{"embeddable":true,"href":"https:\/\/fermekon.ee\/index.php?rest_route=\/wp\/v2\/users\/1"}],"replies":[{"embeddable":true,"href":"https:\/\/fermekon.ee\/index.php?rest_route=%2Fwp%2Fv2%2Fcomments&post=567"}],"version-history":[{"count":5,"href":"https:\/\/fermekon.ee\/index.php?rest_route=\/wp\/v2\/pages\/567\/revisions"}],"predecessor-version":[{"id":1802,"href":"https:\/\/fermekon.ee\/index.php?rest_route=\/wp\/v2\/pages\/567\/revisions\/1802"}],"wp:attachment":[{"href":"https:\/\/fermekon.ee\/index.php?rest_route=%2Fwp%2Fv2%2Fmedia&parent=567"}],"curies":[{"name":"wp","href":"https:\/\/api.w.org\/{rel}","templated":true}]}}