{"id":568,"date":"2017-08-07T11:12:02","date_gmt":"2017-08-07T11:12:02","guid":{"rendered":"http:\/\/fermekon.ee\/?page_id=568"},"modified":"2017-09-08T22:37:58","modified_gmt":"2017-09-08T19:37:58","slug":"noustaminekonsultatsioonid-2","status":"publish","type":"page","link":"https:\/\/fermekon.ee\/?page_id=568","title":{"rendered":"N\u00d5USTAMINE\/KONSULTATSIOONID"},"content":{"rendered":"<header class=\"entry-header\">\n<h2 class=\"entry-title\"><span style=\"font-size: 12pt;\"><strong><span style=\"font-family: helvetica,arial,sans-serif;\">[metaslider id=729]<\/span><\/strong><\/span><\/h2>\n<p><span style=\"font-size: 18pt;\"><strong>V\u00e4iketootjatele saame oma kogemuste ning teadmistega abiks olla:<\/strong><\/span><\/p>\n<p style=\"text-align: justify;\"><span style=\"font-size: 14pt;\">&#8211; parima tehnoloogilise lahenduse valikul, l\u00e4htudes Teie soovidest ja v\u00f5imalustest (kasutatavad ruumid, energeetilised ressursid, rahalised vahendid jne.);<\/span><\/p>\n<p style=\"text-align: justify;\"><span style=\"font-size: 14pt;\">&#8211; sobivate seadmete ja alternatiivsete tarnijate leidmisel;<\/span><\/p>\n<p style=\"text-align: justify;\"><span style=\"font-size: 14pt;\">&#8211; valitud seadmete detailide t\u00e4psustamisel ja seadmetele sobiva paigutuse leidmisel;<\/span><\/p>\n<p style=\"text-align: justify;\"><span style=\"font-size: 14pt;\">&#8211; l\u00e4bir\u00e4\u00e4kimistel v\u00f5imalike tarnijatega ja nendega lepingu s\u00f5lmimisel;<\/span><\/p>\n<p style=\"text-align: justify;\"><span style=\"font-size: 14pt;\">&#8211; seadmete paigaldamiseks vajalike koost\u00f6\u00f6partnerite leidmisel;<\/span><\/p>\n<p style=\"text-align: justify;\"><span style=\"font-size: 14pt;\">&#8211; sobilike h\u00fcgieeni ja pesulahenduste leidmisel ning pesuainete valikul;<\/span><\/p>\n<p style=\"text-align: justify;\"><span style=\"font-size: 14pt;\">&#8211; toorainete ja nende tarnijate valikul;<\/span><\/p>\n<p style=\"text-align: justify;\"><span style=\"font-size: 14pt;\">&#8211; tootmise k\u00e4ivitamisel;<\/span><\/p>\n<p style=\"text-align: justify;\"><span style=\"font-size: 14pt;\">&#8211; vajalike juhendite ja dokumentatsiooni koostamisel;<\/span><\/p>\n<p style=\"text-align: justify;\"><span style=\"font-size: 14pt;\">&#8211; tootmise k\u00e4igus tekkinud probleemide lahendamisel;<\/span><\/p>\n<p style=\"text-align: justify;\"><span style=\"font-size: 14pt;\">&#8211; pruulimise efektiivsuse parandamisel ja kulude v\u00e4hendamisel.<\/span><\/p>\n<p>&nbsp;<\/p>\n<p><span style=\"font-size: 18pt;\"><strong>Kodupruulidele saame abi pakkuda:<\/strong><\/span><\/p>\n<p style=\"text-align: justify;\"><span style=\"font-size: 14pt;\">&#8211; sobiva protsessi valikul (pruulimine ekstraktist v\u00f5i linnastest; energiaallika valik, erinevad jahutusv\u00f5imalused, survevaba v\u00f5i surve all k\u00e4\u00e4ritamine; karboniseerimine jne.);<\/span><\/p>\n<p style=\"text-align: justify;\"><span style=\"font-size: 14pt;\">&#8211; seadmete valikul;<\/span><\/p>\n<p style=\"text-align: justify;\"><span style=\"font-size: 14pt;\">&#8211; toorainete valikul;<\/span><\/p>\n<p style=\"text-align: justify;\"><span style=\"font-size: 14pt;\">&#8211; pesude ja pesuainete valikul;<\/span><\/p>\n<p style=\"text-align: justify;\"><span style=\"font-size: 14pt;\">&#8211; retseptide koostamisel ja pruulimise alustamisel.<\/span><\/p>\n<\/header>\n","protected":false},"excerpt":{"rendered":"<p>[metaslider id=729] V\u00e4iketootjatele saame oma kogemuste ning teadmistega abiks olla: &#8211; parima tehnoloogilise lahenduse valikul, l\u00e4htudes Teie soovidest ja v\u00f5imalustest (kasutatavad ruumid, energeetilised ressursid, rahalised vahendid jne.); &#8211; sobivate seadmete ja alternatiivsete tarnijate leidmisel; &#8211; valitud seadmete detailide t\u00e4psustamisel ja&hellip; <\/p>\n","protected":false},"author":1,"featured_media":0,"parent":0,"menu_order":0,"comment_status":"closed","ping_status":"closed","template":"","meta":{"footnotes":""},"class_list":["post-568","page","type-page","status-publish","hentry"],"_links":{"self":[{"href":"https:\/\/fermekon.ee\/index.php?rest_route=\/wp\/v2\/pages\/568","targetHints":{"allow":["GET"]}}],"collection":[{"href":"https:\/\/fermekon.ee\/index.php?rest_route=\/wp\/v2\/pages"}],"about":[{"href":"https:\/\/fermekon.ee\/index.php?rest_route=\/wp\/v2\/types\/page"}],"author":[{"embeddable":true,"href":"https:\/\/fermekon.ee\/index.php?rest_route=\/wp\/v2\/users\/1"}],"replies":[{"embeddable":true,"href":"https:\/\/fermekon.ee\/index.php?rest_route=%2Fwp%2Fv2%2Fcomments&post=568"}],"version-history":[{"count":5,"href":"https:\/\/fermekon.ee\/index.php?rest_route=\/wp\/v2\/pages\/568\/revisions"}],"predecessor-version":[{"id":1691,"href":"https:\/\/fermekon.ee\/index.php?rest_route=\/wp\/v2\/pages\/568\/revisions\/1691"}],"wp:attachment":[{"href":"https:\/\/fermekon.ee\/index.php?rest_route=%2Fwp%2Fv2%2Fmedia&parent=568"}],"curies":[{"name":"wp","href":"https:\/\/api.w.org\/{rel}","templated":true}]}}