{"id":569,"date":"2017-08-07T11:12:02","date_gmt":"2017-08-07T11:12:02","guid":{"rendered":"http:\/\/fermekon.ee\/?page_id=569"},"modified":"2017-12-12T20:39:43","modified_gmt":"2017-12-12T18:39:43","slug":"koolitus-kursused-2","status":"publish","type":"page","link":"https:\/\/fermekon.ee\/?page_id=569","title":{"rendered":"KOOLITUSED\/KURSUSED"},"content":{"rendered":"<h1><span style=\"font-size: 18pt;\"><strong>KOOLITUSTEST\/KURSUSTEST PAKUME J\u00c4RGMIST:<\/strong><\/span><\/h1>\n<p><span style=\"font-size: 14pt;\"><strong>-\u00d5llekoolitus<\/strong> (\u00f5lle ja pruulimise ajalugu, \u00f5llet\u00fc\u00fcbid, pruulimine, serveerimine)<\/span><\/p>\n<p><span style=\"font-size: 14pt;\"><strong>-K\u00e4\u00e4ritatud joogid <\/strong>(m\u00f5du, vein, marjavein, siider, \u00f5lu)<\/span><\/p>\n<p><span style=\"font-size: 14pt;\">&#8211;<strong>\u00d5lle valmistamine<\/strong><\/span><br \/>\n<span style=\"font-size: 14pt;\"> \u00a0 -valmiskontsentraadist (seadmete ja protsessi valik ning teostamine)<\/span><br \/>\n<span style=\"font-size: 14pt;\"> \u00a0 -linnastest (seadmete ja protsessi valik ning teostamine)<\/span><\/p>\n<p><span style=\"font-size: 14pt;\"><strong>-\u00d5lle tooraine<\/strong>, n\u00f5uded toorainetele ja toorainete ettevalmistamine (vesi, linnased, humalad, p\u00e4rmid)<br \/>\n<\/span><\/p>\n<p><span style=\"font-size: 14pt;\"><strong>-\u00d5lle serveerimine<\/strong><\/span><\/p>\n<p><span style=\"font-size: 14pt;\"><strong>-\u00d5lle klassifikatsioon<\/strong> &#8211; eri \u00f5llet\u00fc\u00fcpide v\u00f5rdlus<\/span><\/p>\n<p><span style=\"font-size: 14pt;\"><strong>-\u00d5lle sobitamine toiduga<br \/>\n<\/strong><\/span><\/p>\n<p><span style=\"font-size: 14pt;\"><strong>-\u00d5llekokteilid<\/strong><\/span><\/p>\n<p style=\"text-align: justify;\"><span style=\"font-size: 14pt;\">Pruulimiskoolitused on v\u00f5imalikud <a href=\"http:\/\/fermekon.ee\/?page_id=570\">koos praktilise pruulimisega<\/a> ja \u00f5llekoolitused koos valitud \u00f5llede degusteerimisega.<\/span><\/p>\n<p style=\"text-align: justify;\"><span style=\"font-size: 14pt;\">Erinevaid \u00f5llekoolitusi saab edukalt kasutada n\u00e4iteks firma\u00fcritustel vahelduse loomiseks ja silmaringi avardamiseks.<\/span><\/p>\n<p>&nbsp;<\/p>\n<p style=\"text-align: justify;\"><span style=\"font-size: 14pt;\">Huvi korral v\u00f5tke meiega \u00fchendust<a href=\"http:\/\/fermekon.ee\/?page_id=978\"> siit<\/a>. Lepime kokku t\u00e4psema teema ning l\u00e4biviimise koha ja aja.<\/span><\/p>\n","protected":false},"excerpt":{"rendered":"<p>KOOLITUSTEST\/KURSUSTEST PAKUME J\u00c4RGMIST: -\u00d5llekoolitus (\u00f5lle ja pruulimise ajalugu, \u00f5llet\u00fc\u00fcbid, pruulimine, serveerimine) -K\u00e4\u00e4ritatud joogid (m\u00f5du, vein, marjavein, siider, \u00f5lu) &#8211;\u00d5lle valmistamine \u00a0 -valmiskontsentraadist (seadmete ja protsessi valik ning teostamine) \u00a0 -linnastest (seadmete ja protsessi valik ning teostamine) -\u00d5lle tooraine, n\u00f5uded toorainetele&hellip; <\/p>\n","protected":false},"author":1,"featured_media":0,"parent":0,"menu_order":0,"comment_status":"closed","ping_status":"closed","template":"","meta":{"footnotes":""},"class_list":["post-569","page","type-page","status-publish","hentry"],"_links":{"self":[{"href":"https:\/\/fermekon.ee\/index.php?rest_route=\/wp\/v2\/pages\/569","targetHints":{"allow":["GET"]}}],"collection":[{"href":"https:\/\/fermekon.ee\/index.php?rest_route=\/wp\/v2\/pages"}],"about":[{"href":"https:\/\/fermekon.ee\/index.php?rest_route=\/wp\/v2\/types\/page"}],"author":[{"embeddable":true,"href":"https:\/\/fermekon.ee\/index.php?rest_route=\/wp\/v2\/users\/1"}],"replies":[{"embeddable":true,"href":"https:\/\/fermekon.ee\/index.php?rest_route=%2Fwp%2Fv2%2Fcomments&post=569"}],"version-history":[{"count":5,"href":"https:\/\/fermekon.ee\/index.php?rest_route=\/wp\/v2\/pages\/569\/revisions"}],"predecessor-version":[{"id":1886,"href":"https:\/\/fermekon.ee\/index.php?rest_route=\/wp\/v2\/pages\/569\/revisions\/1886"}],"wp:attachment":[{"href":"https:\/\/fermekon.ee\/index.php?rest_route=%2Fwp%2Fv2%2Fmedia&parent=569"}],"curies":[{"name":"wp","href":"https:\/\/api.w.org\/{rel}","templated":true}]}}