{"id":570,"date":"2017-08-07T11:12:03","date_gmt":"2017-08-07T11:12:03","guid":{"rendered":"http:\/\/fermekon.ee\/?page_id=570"},"modified":"2017-09-02T20:32:47","modified_gmt":"2017-09-02T17:32:47","slug":"koolitused-praktilise-pruulimisega","status":"publish","type":"page","link":"https:\/\/fermekon.ee\/?page_id=570","title":{"rendered":"KOOLITUSED PRAKTILISE PRUULIMISEGA"},"content":{"rendered":"<h1 style=\"text-align: justify;\"><span style=\"font-size: 18pt;\"><strong>KOOLITUSED PRAKTILISE PRUULIMISEGA<\/strong><\/span><\/h1>\n<p>&nbsp;<\/p>\n<p style=\"text-align: justify;\"><span style=\"font-size: 14pt;\">Kursused on m\u00f5eldud peamiselt hobipruulidele aga sobilikud ka algajatele v\u00e4ikepruulidele.<\/span><\/p>\n<p style=\"text-align: justify;\"><span style=\"font-size: 14pt;\">Praktilise pruulimise koolitustel r\u00e4\u00e4gime <strong>erinevatest \u00f5llet\u00fc\u00fcpidest<\/strong>, <strong>pruulimise p\u00f5hit\u00f5dedest<\/strong>, <strong>seadmete ja toorainete valikust<\/strong>, <strong>seadmete pesudest<\/strong> ning <strong>pruulime<\/strong> kodupruulijatele sobilikel seadmetel varem kokku lepitud \u00f5llet\u00fc\u00fcbi.<\/span><\/p>\n<p style=\"text-align: justify;\"><span style=\"font-size: 14pt;\">Mitmel sellisel kursusel osalemisel saab oskused erinevate \u00f5llet\u00fc\u00fcpide pruulimiseks.<\/span><\/p>\n","protected":false},"excerpt":{"rendered":"<p>KOOLITUSED PRAKTILISE PRUULIMISEGA &nbsp; Kursused on m\u00f5eldud peamiselt hobipruulidele aga sobilikud ka algajatele v\u00e4ikepruulidele. Praktilise pruulimise koolitustel r\u00e4\u00e4gime erinevatest \u00f5llet\u00fc\u00fcpidest, pruulimise p\u00f5hit\u00f5dedest, seadmete ja toorainete valikust, seadmete pesudest ning pruulime kodupruulijatele sobilikel seadmetel varem kokku lepitud \u00f5llet\u00fc\u00fcbi. Mitmel sellisel kursusel&hellip; <\/p>\n","protected":false},"author":1,"featured_media":0,"parent":0,"menu_order":0,"comment_status":"closed","ping_status":"closed","template":"","meta":{"footnotes":""},"class_list":["post-570","page","type-page","status-publish","hentry"],"_links":{"self":[{"href":"https:\/\/fermekon.ee\/index.php?rest_route=\/wp\/v2\/pages\/570","targetHints":{"allow":["GET"]}}],"collection":[{"href":"https:\/\/fermekon.ee\/index.php?rest_route=\/wp\/v2\/pages"}],"about":[{"href":"https:\/\/fermekon.ee\/index.php?rest_route=\/wp\/v2\/types\/page"}],"author":[{"embeddable":true,"href":"https:\/\/fermekon.ee\/index.php?rest_route=\/wp\/v2\/users\/1"}],"replies":[{"embeddable":true,"href":"https:\/\/fermekon.ee\/index.php?rest_route=%2Fwp%2Fv2%2Fcomments&post=570"}],"version-history":[{"count":5,"href":"https:\/\/fermekon.ee\/index.php?rest_route=\/wp\/v2\/pages\/570\/revisions"}],"predecessor-version":[{"id":986,"href":"https:\/\/fermekon.ee\/index.php?rest_route=\/wp\/v2\/pages\/570\/revisions\/986"}],"wp:attachment":[{"href":"https:\/\/fermekon.ee\/index.php?rest_route=%2Fwp%2Fv2%2Fmedia&parent=570"}],"curies":[{"name":"wp","href":"https:\/\/api.w.org\/{rel}","templated":true}]}}