{"id":571,"date":"2017-08-07T11:12:03","date_gmt":"2017-08-07T11:12:03","guid":{"rendered":"http:\/\/fermekon.ee\/?page_id=571"},"modified":"2017-09-05T19:15:50","modified_gmt":"2017-09-05T16:15:50","slug":"seadmete-tarnijad-kodupruulijatele","status":"publish","type":"page","link":"https:\/\/fermekon.ee\/?page_id=571","title":{"rendered":"SEADMETE TARNIJAD KODUPRUULIJATELE"},"content":{"rendered":"<h1><span style=\"font-size: 18pt;\"><strong>SEADMETE TARNIJAD KODUPRUULIJATELE<\/strong><\/span><\/h1>\n<p>&nbsp;<\/p>\n<p style=\"text-align: justify;\"><span style=\"font-size: 14pt;\">Kodupruulimisel on v\u00f5imalik kasutada v\u00e4ga lihtsaid ja pea igas majapidamises olemasolevaid mahuteid ning muid vahendeid. Selliste vahenditega pruulimine v\u00f5ib aga olla k\u00fcllalt t\u00f6\u00f6- \u00a0ja ajamahukas ning ebaefektiivne. Palju paremaid tulemusi saab spetsiaalseid kodupruulimisseadmeid kasutades v\u00f5i nendega olemasolevaid t\u00e4iendades.<\/span><\/p>\n<p style=\"text-align: justify;\"><span style=\"font-size: 14pt;\">Allpool on toodud viited m\u00f5nedele huvitamatele seadmete tarnijatele (esitatud t\u00e4hestiku j\u00e4rjekorras):<\/span><\/p>\n<p><span style=\"font-size: 14pt;\"><a href=\"https:\/\/www.anvilbrewing.com\"><strong>Anvil Brewing<\/strong><\/a><\/span><\/p>\n<p><span style=\"font-size: 14pt;\"><a href=\"http:\/\/www.blichmannengineering.com\/\"><strong>Blichmann<\/strong><\/a><\/span><\/p>\n<p><span style=\"font-size: 14pt;\"><strong><a href=\"https:\/\/www.brouwland.com\/en\/our-products\/brewing\/brewing-equipment\">Brewferm, Browland<\/a><\/strong><\/span><\/p>\n<p><span style=\"font-size: 14pt;\"><strong><a href=\"https:\/\/www.brumas.com\/brumas\/index.php?cPath=1_41\">Brumas BrauEule<\/a><\/strong><\/span><\/p>\n<p><span style=\"font-size: 14pt;\"><a href=\"https:\/\/www.grainfather.com\/\"><strong>Grainfather<\/strong><\/a><\/span><\/p>\n<p><span style=\"font-size: 14pt;\"><a href=\"http:\/\/kegking.com.au\/\"><strong>KegKing Robobrew<\/strong><\/a><\/span><\/p>\n<p><span style=\"font-size: 14pt;\"><a href=\"https:\/\/www.speidels-braumeister.de\/en\/home.html\"><strong>Speidel- Braumeister<\/strong><\/a><\/span><\/p>\n<p><span style=\"font-size: 14pt;\"><a href=\"https:\/\/spikebrewing.com\/\"><strong>Spike Brewing<\/strong><\/a><\/span><\/p>\n<p><span style=\"font-size: 14pt;\"><a href=\"https:\/\/www.ssbrewtech.com\/\"><strong>ss Brewtech<\/strong><\/a><\/span><\/p>\n","protected":false},"excerpt":{"rendered":"<p>SEADMETE TARNIJAD KODUPRUULIJATELE &nbsp; Kodupruulimisel on v\u00f5imalik kasutada v\u00e4ga lihtsaid ja pea igas majapidamises olemasolevaid mahuteid ning muid vahendeid. Selliste vahenditega pruulimine v\u00f5ib aga olla k\u00fcllalt t\u00f6\u00f6- \u00a0ja ajamahukas ning ebaefektiivne. Palju paremaid tulemusi saab spetsiaalseid kodupruulimisseadmeid kasutades v\u00f5i nendega&hellip; <\/p>\n","protected":false},"author":1,"featured_media":0,"parent":0,"menu_order":0,"comment_status":"closed","ping_status":"closed","template":"","meta":{"footnotes":""},"class_list":["post-571","page","type-page","status-publish","hentry"],"_links":{"self":[{"href":"https:\/\/fermekon.ee\/index.php?rest_route=\/wp\/v2\/pages\/571","targetHints":{"allow":["GET"]}}],"collection":[{"href":"https:\/\/fermekon.ee\/index.php?rest_route=\/wp\/v2\/pages"}],"about":[{"href":"https:\/\/fermekon.ee\/index.php?rest_route=\/wp\/v2\/types\/page"}],"author":[{"embeddable":true,"href":"https:\/\/fermekon.ee\/index.php?rest_route=\/wp\/v2\/users\/1"}],"replies":[{"embeddable":true,"href":"https:\/\/fermekon.ee\/index.php?rest_route=%2Fwp%2Fv2%2Fcomments&post=571"}],"version-history":[{"count":5,"href":"https:\/\/fermekon.ee\/index.php?rest_route=\/wp\/v2\/pages\/571\/revisions"}],"predecessor-version":[{"id":1454,"href":"https:\/\/fermekon.ee\/index.php?rest_route=\/wp\/v2\/pages\/571\/revisions\/1454"}],"wp:attachment":[{"href":"https:\/\/fermekon.ee\/index.php?rest_route=%2Fwp%2Fv2%2Fmedia&parent=571"}],"curies":[{"name":"wp","href":"https:\/\/api.w.org\/{rel}","templated":true}]}}